{"id":88,"date":"2024-09-23T23:16:31","date_gmt":"2024-09-23T21:16:31","guid":{"rendered":"https:\/\/lesclesdarcachon.fr\/?page_id=88"},"modified":"2026-01-10T17:32:03","modified_gmt":"2026-01-10T16:32:03","slug":"tarifs-conciergerie-arcachon","status":"publish","type":"page","link":"https:\/\/lesclesdarcachon.fr\/index.php\/tarifs-conciergerie-arcachon\/","title":{"rendered":"Tarifs conciergerie"},"content":{"rendered":"\t\t<div data-elementor-type=\"wp-page\" data-elementor-id=\"88\" class=\"elementor elementor-88\">\n\t\t\t\t<div class=\"elementor-element elementor-element-c14f4fe e-flex e-con-boxed e-con e-parent\" data-id=\"c14f4fe\" data-element_type=\"container\" data-e-type=\"container\">\n\t\t\t\t\t<div class=\"e-con-inner\">\n\t\t<div class=\"elementor-element elementor-element-9e55fd7 e-con-full e-flex e-con e-child\" data-id=\"9e55fd7\" data-element_type=\"container\" data-e-type=\"container\">\n\t\t\t\t<div class=\"elementor-element elementor-element-c648849 elementor-widget__width-auto animated-slow elementor-invisible elementor-widget elementor-widget-text-editor\" data-id=\"c648849\" data-element_type=\"widget\" data-e-type=\"widget\" data-settings=\"{&quot;_animation&quot;:&quot;lightSpeedIn&quot;}\" data-widget_type=\"text-editor.default\">\n\t\t\t\t<div class=\"elementor-widget-container\">\n\t\t\t\t\t\t\t\t\t<h1 class=\"elementor-heading-title elementor-size-default elementor-inline-editing pen\" style=\"font-size: 37px; font-family: Alkatra, sans-serif; font-weight: 600; color: #ffffff;\" data-elementor-setting-key=\"title\" data-pen-placeholder=\"\u00c9crivez ici...\">Offre unique : 20% des revenus locatifs<\/h1><p>\u00a0<\/p><p><strong>\u2022\u2060 \u2060Gestion des r\u00e9servations<\/strong><\/p><p><strong><span style=\"letter-spacing: 0px;\">\u2022\u2060 \u2060Remise des cl\u00e9s<\/span><\/strong><\/p><p><strong>\u2022\u2060 \u2060Ajustement des prix pour une rentabilit\u00e9 maximale<\/strong><\/p><p><strong>\u2022\u2060 \u2060Gestion de l&#8217;accueil et du d\u00e9part des voyageurs<\/strong><\/p><p><strong>\u2022\u2060 \u2060Echange avec les voyageurs 24\/24 et 7\/7<\/strong><\/p><p><strong>\u2022\u2060 Gestion des prestataires pour l&#8217;entretien de votre bien (espaces verts, r\u00e9novation, entretien divers)<\/strong><\/p><p><strong>\u2022\u2060 \u2060R\u00e9assort des consommables<span style=\"letter-spacing: 0px;\">\u00a0<\/span><\/strong><\/p><p><strong>\u2022\u2060 \u2060Gestion des litiges<\/strong><\/p>\t\t\t\t\t\t\t\t<\/div>\n\t\t\t\t<\/div>\n\t\t\t\t<div class=\"elementor-element elementor-element-ef7c0f1 elementor-widget elementor-widget-text-editor\" data-id=\"ef7c0f1\" data-element_type=\"widget\" data-e-type=\"widget\" data-widget_type=\"text-editor.default\">\n\t\t\t\t<div class=\"elementor-widget-container\">\n\t\t\t\t\t\t\t\t\t<p><strong>Offert :<\/strong><\/p><p><em>\u2022\u2060 \u20601er rdv individuel pour prise d&#8217;informations<\/em><br \/><em>\u2022\u2060 \u2060Photos du logement<\/em><br \/><em>\u2022\u2060 \u2060Cr\u00e9ation et\u00a0<\/em><em>mise en ligne de l&#8217;annonce (Pour votre s\u00e9r\u00e9nit\u00e9 et vous garantir la meilleure exp\u00e9rience, nous travaillons uniquement avec Airbnb)<\/em><\/p>\t\t\t\t\t\t\t\t<\/div>\n\t\t\t\t<\/div>\n\t\t\t\t<\/div>\n\t\t\t\t<div class=\"elementor-element elementor-element-701e199 elementor-invisible elementor-widget elementor-widget-text-editor\" data-id=\"701e199\" data-element_type=\"widget\" data-e-type=\"widget\" data-settings=\"{&quot;_animation&quot;:&quot;bounceIn&quot;}\" data-widget_type=\"text-editor.default\">\n\t\t\t\t<div class=\"elementor-widget-container\">\n\t\t\t\t\t\t\t\t\t<p><em>Frais de m\u00e9nage et de blanchisserie calcul\u00e9s en fonction du logement, \u00e0 la charge des voyageurs<\/em><\/p>\t\t\t\t\t\t\t\t<\/div>\n\t\t\t\t<\/div>\n\t\t\t\t\t<\/div>\n\t\t\t\t<\/div>\n\t\t<div class=\"elementor-element elementor-element-7bc9176 e-flex e-con-boxed e-con e-parent\" data-id=\"7bc9176\" data-element_type=\"container\" data-e-type=\"container\">\n\t\t\t\t\t<div class=\"e-con-inner\">\n\t\t\t\t<div class=\"elementor-element elementor-element-8378422 elementor-align-right elementor-widget elementor-widget-button\" data-id=\"8378422\" data-element_type=\"widget\" data-e-type=\"widget\" data-widget_type=\"button.default\">\n\t\t\t\t<div class=\"elementor-widget-container\">\n\t\t\t\t\t\t\t\t\t<div class=\"elementor-button-wrapper\">\n\t\t\t\t\t<a class=\"elementor-button elementor-button-link elementor-size-sm\" href=\"https:\/\/lesclesdarcachon.fr\/\">\n\t\t\t\t\t\t<span class=\"elementor-button-content-wrapper\">\n\t\t\t\t\t\t\t\t\t<span class=\"elementor-button-text\">Retour \u00e0 l'accueil<\/span>\n\t\t\t\t\t<\/span>\n\t\t\t\t\t<\/a>\n\t\t\t\t<\/div>\n\t\t\t\t\t\t\t\t<\/div>\n\t\t\t\t<\/div>\n\t\t\t\t\t<\/div>\n\t\t\t\t<\/div>\n\t\t\t\t<\/div>\n\t\t","protected":false},"excerpt":{"rendered":"<p>Offre unique : 20% des revenus locatifs \u00a0 \u2022\u2060 \u2060Gestion des r\u00e9servations \u2022\u2060 \u2060Remise des cl\u00e9s \u2022\u2060 \u2060Ajustement des prix pour une rentabilit\u00e9 maximale \u2022\u2060 \u2060Gestion de l&#8217;accueil et du d\u00e9part des voyageurs \u2022\u2060 \u2060Echange avec les voyageurs 24\/24 et 7\/7 \u2022\u2060 Gestion des prestataires pour l&#8217;entretien de votre bien (espaces verts, r\u00e9novation, entretien divers) \u2022\u2060 \u2060R\u00e9assort des consommables\u00a0 \u2022\u2060 \u2060Gestion des litiges Offert : \u2022\u2060 \u20601er rdv individuel pour prise d&#8217;informations\u2022\u2060 \u2060Photos du logement\u2022\u2060 \u2060Cr\u00e9ation et\u00a0mise en ligne de l&#8217;annonce (Pour votre s\u00e9r\u00e9nit\u00e9 et vous garantir la meilleure exp\u00e9rience, nous travaillons uniquement avec Airbnb) Frais de m\u00e9nage et de blanchisserie calcul\u00e9s en fonction du logement, \u00e0 la charge des voyageurs Retour \u00e0 l&#8217;accueil<\/p>\n","protected":false},"author":1,"featured_media":0,"parent":0,"menu_order":0,"comment_status":"closed","ping_status":"closed","template":"","meta":{"footnotes":""},"class_list":["post-88","page","type-page","status-publish","hentry"],"yoast_head":"<!-- This site is optimized with the Yoast SEO plugin v25.1 - https:\/\/yoast.com\/wordpress\/plugins\/seo\/ -->\n<title>Tarifs conciergerie - Les cl\u00e9s d&#039;Arcachon<\/title>\n<meta name=\"description\" content=\"D\u00e9couvrez les tarifs de notre conciergerie \u00e0 Arcachon : gestion de location, accueil des voyageurs, entretien et petits travaux. Service sur-mesure pour propri\u00e9taires exigeants. Devis gratuit !\" \/>\n<meta name=\"robots\" content=\"index, follow, max-snippet:-1, max-image-preview:large, max-video-preview:-1\" \/>\n<link rel=\"canonical\" href=\"https:\/\/lesclesdarcachon.fr\/index.php\/tarifs-conciergerie-arcachon\/\" \/>\n<meta property=\"og:locale\" content=\"en_US\" \/>\n<meta property=\"og:type\" content=\"article\" \/>\n<meta property=\"og:title\" content=\"Tarifs conciergerie - Les cl\u00e9s d&#039;Arcachon\" \/>\n<meta property=\"og:description\" content=\"D\u00e9couvrez les tarifs de notre conciergerie \u00e0 Arcachon : gestion de location, accueil des voyageurs, entretien et petits travaux. Service sur-mesure pour propri\u00e9taires exigeants. Devis gratuit !\" \/>\n<meta property=\"og:url\" content=\"https:\/\/lesclesdarcachon.fr\/index.php\/tarifs-conciergerie-arcachon\/\" \/>\n<meta property=\"og:site_name\" content=\"Les cl\u00e9s d&#039;Arcachon\" \/>\n<meta property=\"article:modified_time\" content=\"2026-01-10T16:32:03+00:00\" \/>\n<meta name=\"twitter:card\" content=\"summary_large_image\" \/>\n<meta name=\"twitter:label1\" content=\"Est. reading time\" \/>\n\t<meta name=\"twitter:data1\" content=\"1 minute\" \/>\n<script type=\"application\/ld+json\" class=\"yoast-schema-graph\">{\"@context\":\"https:\/\/schema.org\",\"@graph\":[{\"@type\":\"WebPage\",\"@id\":\"https:\/\/lesclesdarcachon.fr\/index.php\/tarifs-conciergerie-arcachon\/\",\"url\":\"https:\/\/lesclesdarcachon.fr\/index.php\/tarifs-conciergerie-arcachon\/\",\"name\":\"Tarifs conciergerie - Les cl\u00e9s d&#039;Arcachon\",\"isPartOf\":{\"@id\":\"https:\/\/lesclesdarcachon.fr\/#website\"},\"datePublished\":\"2024-09-23T21:16:31+00:00\",\"dateModified\":\"2026-01-10T16:32:03+00:00\",\"description\":\"D\u00e9couvrez les tarifs de notre conciergerie \u00e0 Arcachon : gestion de location, accueil des voyageurs, entretien et petits travaux. Service sur-mesure pour propri\u00e9taires exigeants. Devis gratuit !\",\"breadcrumb\":{\"@id\":\"https:\/\/lesclesdarcachon.fr\/index.php\/tarifs-conciergerie-arcachon\/#breadcrumb\"},\"inLanguage\":\"en-US\",\"potentialAction\":[{\"@type\":\"ReadAction\",\"target\":[\"https:\/\/lesclesdarcachon.fr\/index.php\/tarifs-conciergerie-arcachon\/\"]}]},{\"@type\":\"BreadcrumbList\",\"@id\":\"https:\/\/lesclesdarcachon.fr\/index.php\/tarifs-conciergerie-arcachon\/#breadcrumb\",\"itemListElement\":[{\"@type\":\"ListItem\",\"position\":1,\"name\":\"Accueil\",\"item\":\"https:\/\/lesclesdarcachon.fr\/\"},{\"@type\":\"ListItem\",\"position\":2,\"name\":\"Tarifs conciergerie\"}]},{\"@type\":\"WebSite\",\"@id\":\"https:\/\/lesclesdarcachon.fr\/#website\",\"url\":\"https:\/\/lesclesdarcachon.fr\/\",\"name\":\"Les Cl\u00e9s d'Arcachon\",\"description\":\"Conciergerie multi service - Gestion de biens (r\u00e9servation, accueil voyageurs, entretien des espaces verts, travaux de r\u00e9novation, d\u00e9pannage, livraison \u00e0 domicile)\",\"publisher\":{\"@id\":\"https:\/\/lesclesdarcachon.fr\/#organization\"},\"potentialAction\":[{\"@type\":\"SearchAction\",\"target\":{\"@type\":\"EntryPoint\",\"urlTemplate\":\"https:\/\/lesclesdarcachon.fr\/?s={search_term_string}\"},\"query-input\":{\"@type\":\"PropertyValueSpecification\",\"valueRequired\":true,\"valueName\":\"search_term_string\"}}],\"inLanguage\":\"en-US\"},{\"@type\":\"Organization\",\"@id\":\"https:\/\/lesclesdarcachon.fr\/#organization\",\"name\":\"Les Cl\u00e9s d'Arcachon\",\"url\":\"https:\/\/lesclesdarcachon.fr\/\",\"logo\":{\"@type\":\"ImageObject\",\"inLanguage\":\"en-US\",\"@id\":\"https:\/\/lesclesdarcachon.fr\/#\/schema\/logo\/image\/\",\"url\":\"https:\/\/lesclesdarcachon.fr\/wp-content\/uploads\/2024\/09\/Les-Cles-dArcachon.png\",\"contentUrl\":\"https:\/\/lesclesdarcachon.fr\/wp-content\/uploads\/2024\/09\/Les-Cles-dArcachon.png\",\"width\":1313,\"height\":1313,\"caption\":\"Les Cl\u00e9s d'Arcachon\"},\"image\":{\"@id\":\"https:\/\/lesclesdarcachon.fr\/#\/schema\/logo\/image\/\"},\"sameAs\":[\"https:\/\/www.instagram.com\/lesclesdarcachon\"]}]}<\/script>\n<!-- \/ Yoast SEO plugin. -->","yoast_head_json":{"title":"Tarifs conciergerie - Les cl\u00e9s d&#039;Arcachon","description":"D\u00e9couvrez les tarifs de notre conciergerie \u00e0 Arcachon : gestion de location, accueil des voyageurs, entretien et petits travaux. Service sur-mesure pour propri\u00e9taires exigeants. Devis gratuit !","robots":{"index":"index","follow":"follow","max-snippet":"max-snippet:-1","max-image-preview":"max-image-preview:large","max-video-preview":"max-video-preview:-1"},"canonical":"https:\/\/lesclesdarcachon.fr\/index.php\/tarifs-conciergerie-arcachon\/","og_locale":"en_US","og_type":"article","og_title":"Tarifs conciergerie - Les cl\u00e9s d&#039;Arcachon","og_description":"D\u00e9couvrez les tarifs de notre conciergerie \u00e0 Arcachon : gestion de location, accueil des voyageurs, entretien et petits travaux. Service sur-mesure pour propri\u00e9taires exigeants. Devis gratuit !","og_url":"https:\/\/lesclesdarcachon.fr\/index.php\/tarifs-conciergerie-arcachon\/","og_site_name":"Les cl\u00e9s d&#039;Arcachon","article_modified_time":"2026-01-10T16:32:03+00:00","twitter_card":"summary_large_image","twitter_misc":{"Est. reading time":"1 minute"},"schema":{"@context":"https:\/\/schema.org","@graph":[{"@type":"WebPage","@id":"https:\/\/lesclesdarcachon.fr\/index.php\/tarifs-conciergerie-arcachon\/","url":"https:\/\/lesclesdarcachon.fr\/index.php\/tarifs-conciergerie-arcachon\/","name":"Tarifs conciergerie - Les cl\u00e9s d&#039;Arcachon","isPartOf":{"@id":"https:\/\/lesclesdarcachon.fr\/#website"},"datePublished":"2024-09-23T21:16:31+00:00","dateModified":"2026-01-10T16:32:03+00:00","description":"D\u00e9couvrez les tarifs de notre conciergerie \u00e0 Arcachon : gestion de location, accueil des voyageurs, entretien et petits travaux. Service sur-mesure pour propri\u00e9taires exigeants. Devis gratuit !","breadcrumb":{"@id":"https:\/\/lesclesdarcachon.fr\/index.php\/tarifs-conciergerie-arcachon\/#breadcrumb"},"inLanguage":"en-US","potentialAction":[{"@type":"ReadAction","target":["https:\/\/lesclesdarcachon.fr\/index.php\/tarifs-conciergerie-arcachon\/"]}]},{"@type":"BreadcrumbList","@id":"https:\/\/lesclesdarcachon.fr\/index.php\/tarifs-conciergerie-arcachon\/#breadcrumb","itemListElement":[{"@type":"ListItem","position":1,"name":"Accueil","item":"https:\/\/lesclesdarcachon.fr\/"},{"@type":"ListItem","position":2,"name":"Tarifs conciergerie"}]},{"@type":"WebSite","@id":"https:\/\/lesclesdarcachon.fr\/#website","url":"https:\/\/lesclesdarcachon.fr\/","name":"Les Cl\u00e9s d'Arcachon","description":"Conciergerie multi service - Gestion de biens (r\u00e9servation, accueil voyageurs, entretien des espaces verts, travaux de r\u00e9novation, d\u00e9pannage, livraison \u00e0 domicile)","publisher":{"@id":"https:\/\/lesclesdarcachon.fr\/#organization"},"potentialAction":[{"@type":"SearchAction","target":{"@type":"EntryPoint","urlTemplate":"https:\/\/lesclesdarcachon.fr\/?s={search_term_string}"},"query-input":{"@type":"PropertyValueSpecification","valueRequired":true,"valueName":"search_term_string"}}],"inLanguage":"en-US"},{"@type":"Organization","@id":"https:\/\/lesclesdarcachon.fr\/#organization","name":"Les Cl\u00e9s d'Arcachon","url":"https:\/\/lesclesdarcachon.fr\/","logo":{"@type":"ImageObject","inLanguage":"en-US","@id":"https:\/\/lesclesdarcachon.fr\/#\/schema\/logo\/image\/","url":"https:\/\/lesclesdarcachon.fr\/wp-content\/uploads\/2024\/09\/Les-Cles-dArcachon.png","contentUrl":"https:\/\/lesclesdarcachon.fr\/wp-content\/uploads\/2024\/09\/Les-Cles-dArcachon.png","width":1313,"height":1313,"caption":"Les Cl\u00e9s d'Arcachon"},"image":{"@id":"https:\/\/lesclesdarcachon.fr\/#\/schema\/logo\/image\/"},"sameAs":["https:\/\/www.instagram.com\/lesclesdarcachon"]}]}},"_links":{"self":[{"href":"https:\/\/lesclesdarcachon.fr\/index.php\/wp-json\/wp\/v2\/pages\/88","targetHints":{"allow":["GET"]}}],"collection":[{"href":"https:\/\/lesclesdarcachon.fr\/index.php\/wp-json\/wp\/v2\/pages"}],"about":[{"href":"https:\/\/lesclesdarcachon.fr\/index.php\/wp-json\/wp\/v2\/types\/page"}],"author":[{"embeddable":true,"href":"https:\/\/lesclesdarcachon.fr\/index.php\/wp-json\/wp\/v2\/users\/1"}],"replies":[{"embeddable":true,"href":"https:\/\/lesclesdarcachon.fr\/index.php\/wp-json\/wp\/v2\/comments?post=88"}],"version-history":[{"count":74,"href":"https:\/\/lesclesdarcachon.fr\/index.php\/wp-json\/wp\/v2\/pages\/88\/revisions"}],"predecessor-version":[{"id":798,"href":"https:\/\/lesclesdarcachon.fr\/index.php\/wp-json\/wp\/v2\/pages\/88\/revisions\/798"}],"wp:attachment":[{"href":"https:\/\/lesclesdarcachon.fr\/index.php\/wp-json\/wp\/v2\/media?parent=88"}],"curies":[{"name":"wp","href":"https:\/\/api.w.org\/{rel}","templated":true}]}}