{"id":12,"date":"2024-09-23T17:24:47","date_gmt":"2024-09-23T15:24:47","guid":{"rendered":"http:\/\/lesclesdarcachon.fr\/?page_id=12"},"modified":"2025-05-23T09:05:37","modified_gmt":"2025-05-23T07:05:37","slug":"contact","status":"publish","type":"page","link":"https:\/\/lesclesdarcachon.fr\/index.php\/contact\/","title":{"rendered":"contact"},"content":{"rendered":"\t\t<div data-elementor-type=\"wp-page\" data-elementor-id=\"12\" class=\"elementor elementor-12\">\n\t\t\t\t<div class=\"elementor-element elementor-element-c5b2b99 e-flex e-con-boxed e-con e-parent\" data-id=\"c5b2b99\" data-element_type=\"container\" data-e-type=\"container\">\n\t\t\t\t\t<div class=\"e-con-inner\">\n\t\t\t\t<div class=\"elementor-element elementor-element-90b5753 elementor-widget__width-inherit elementor-invisible elementor-widget elementor-widget-text-editor\" data-id=\"90b5753\" data-element_type=\"widget\" data-e-type=\"widget\" data-settings=\"{&quot;_animation&quot;:&quot;fadeInRight&quot;}\" data-widget_type=\"text-editor.default\">\n\t\t\t\t<div class=\"elementor-widget-container\">\n\t\t\t\t\t\t\t\t\t<p>\u00a0<\/p><h3>Contactez-nous par t\u00e9l\u00e9phone<\/h3><p>\ud83d\udcde <strong>06 99 23 29 38<\/strong><\/p><h3>Suivez-nous sur les r\u00e9seaux sociaux<\/h3><p>\ud83d\udcf7 <strong>Instagram<\/strong> : <a href=\"https:\/\/www.instagram.com\/lesclesdarcachon\" target=\"_new\" rel=\"noopener\">@lesclesdarcachon<\/a><\/p><p>\u00a0 \u00a0 \u00a0 \u00a0<strong>Facebook<\/strong> : <a href=\"https:\/\/www.facebook.com\/profile.php?id=61565990471614\">LesClesDarcachon<\/a><\/p><h3>Formulaire de contact<\/h3><p>Remplissez le formulaire ci-dessous et nous vous r\u00e9pondrons dans les plus brefs d\u00e9lais :<\/p>\t\t\t\t\t\t\t\t<\/div>\n\t\t\t\t<\/div>\n\t\t\t\t\t<\/div>\n\t\t\t\t<\/div>\n\t\t<div class=\"elementor-element elementor-element-a1e3811 e-flex e-con-boxed e-con e-parent\" data-id=\"a1e3811\" data-element_type=\"container\" data-e-type=\"container\">\n\t\t\t\t\t<div class=\"e-con-inner\">\n\t\t\t\t<div class=\"elementor-element elementor-element-b50a154 elementor-widget elementor-widget-html\" data-id=\"b50a154\" data-element_type=\"widget\" data-e-type=\"widget\" data-widget_type=\"html.default\">\n\t\t\t\t<div class=\"elementor-widget-container\">\n\t\t\t\t\t\n<div class=\"wpcf7 no-js\" id=\"wpcf7-f353-o1\" lang=\"fr-FR\" dir=\"ltr\">\n<div class=\"screen-reader-response\"><p role=\"status\" aria-live=\"polite\" aria-atomic=\"true\"><\/p> <ul><\/ul><\/div>\n<form action=\"\/index.php\/wp-json\/wp\/v2\/pages\/12#wpcf7-f353-o1\" method=\"post\" class=\"wpcf7-form init\" aria-label=\"Formulaire de contact\" novalidate=\"novalidate\" data-status=\"init\">\n<div style=\"display: none;\">\n<input type=\"hidden\" name=\"_wpcf7\" value=\"353\" \/>\n<input type=\"hidden\" name=\"_wpcf7_version\" value=\"5.9.8\" \/>\n<input type=\"hidden\" name=\"_wpcf7_locale\" value=\"fr_FR\" \/>\n<input type=\"hidden\" name=\"_wpcf7_unit_tag\" value=\"wpcf7-f353-o1\" \/>\n<input type=\"hidden\" name=\"_wpcf7_container_post\" value=\"0\" \/>\n<input type=\"hidden\" name=\"_wpcf7_posted_data_hash\" value=\"\" \/>\n<\/div>\n<p><label> Votre nom<br \/>\n<span class=\"wpcf7-form-control-wrap\" data-name=\"your-name\"><input size=\"40\" maxlength=\"400\" class=\"wpcf7-form-control wpcf7-text wpcf7-validates-as-required\" autocomplete=\"name\" aria-required=\"true\" aria-invalid=\"false\" value=\"\" type=\"text\" name=\"your-name\" \/><\/span> <\/label>\n<\/p>\n<p><label> Votre e-mail<br \/>\n<span class=\"wpcf7-form-control-wrap\" data-name=\"your-email\"><input size=\"40\" maxlength=\"400\" class=\"wpcf7-form-control wpcf7-email wpcf7-validates-as-required wpcf7-text wpcf7-validates-as-email\" autocomplete=\"email\" aria-required=\"true\" aria-invalid=\"false\" value=\"\" type=\"email\" name=\"your-email\" \/><\/span> <\/label>\n<\/p>\n<p><label> Votre num\u00e9ro de t\u00e9l\u00e9phone<br \/>\n<span class=\"wpcf7-form-control-wrap\" data-name=\"tel-0\"><input size=\"40\" maxlength=\"400\" class=\"wpcf7-form-control wpcf7-tel wpcf7-text wpcf7-validates-as-tel\" aria-invalid=\"false\" value=\"\" type=\"tel\" name=\"tel-0\" \/><\/span><br \/>\n<label> Votre adresse<br \/>\n<span class=\"wpcf7-form-control-wrap\" data-name=\"text-337\"><input size=\"40\" maxlength=\"400\" class=\"wpcf7-form-control wpcf7-text\" aria-invalid=\"false\" value=\"\" type=\"text\" name=\"text-337\" \/><\/span><br \/>\n<label> Objet<br \/>\n<span class=\"wpcf7-form-control-wrap\" data-name=\"your-subject\"><input size=\"40\" maxlength=\"400\" class=\"wpcf7-form-control wpcf7-text wpcf7-validates-as-required\" aria-required=\"true\" aria-invalid=\"false\" value=\"\" type=\"text\" name=\"your-subject\" \/><\/span> <\/label><br \/>\n<label> Votre message (facultatif)<br \/>\n<span class=\"wpcf7-form-control-wrap\" data-name=\"your-message\"><textarea cols=\"40\" rows=\"10\" maxlength=\"2000\" class=\"wpcf7-form-control wpcf7-textarea\" aria-invalid=\"false\" name=\"your-message\"><\/textarea><\/span> <\/label><br \/>\n<input class=\"wpcf7-form-control wpcf7-submit has-spinner\" type=\"submit\" value=\"Envoyer\" \/><\/label><\/label>\n<\/p><div class=\"wpcf7-response-output\" aria-hidden=\"true\"><\/div>\n<\/form>\n<\/div>\n\t\t\t\t<\/div>\n\t\t\t\t<\/div>\n\t\t\t\t\t<\/div>\n\t\t\t\t<\/div>\n\t\t<div class=\"elementor-element elementor-element-dfd18b6 e-flex e-con-boxed e-con e-parent\" data-id=\"dfd18b6\" data-element_type=\"container\" data-e-type=\"container\">\n\t\t\t\t\t<div class=\"e-con-inner\">\n\t\t\t\t\t<\/div>\n\t\t\t\t<\/div>\n\t\t<div class=\"elementor-element elementor-element-0ef3753 e-flex e-con-boxed e-con e-parent\" data-id=\"0ef3753\" data-element_type=\"container\" data-e-type=\"container\">\n\t\t\t\t\t<div class=\"e-con-inner\">\n\t\t\t\t<div class=\"elementor-element elementor-element-10d2fa0 elementor-shape-rounded elementor-grid-0 e-grid-align-center elementor-widget elementor-widget-social-icons\" data-id=\"10d2fa0\" data-element_type=\"widget\" data-e-type=\"widget\" data-widget_type=\"social-icons.default\">\n\t\t\t\t<div class=\"elementor-widget-container\">\n\t\t\t\t\t\t\t<div class=\"elementor-social-icons-wrapper elementor-grid\" role=\"list\">\n\t\t\t\t\t\t\t<span class=\"elementor-grid-item\" role=\"listitem\">\n\t\t\t\t\t<a class=\"elementor-icon elementor-social-icon elementor-social-icon-facebook elementor-repeater-item-354a2a5\" href=\"https:\/\/www.facebook.com\/profile.php?id=61565990471614\" target=\"_blank\">\n\t\t\t\t\t\t<span class=\"elementor-screen-only\">Facebook<\/span>\n\t\t\t\t\t\t<svg aria-hidden=\"true\" class=\"e-font-icon-svg e-fab-facebook\" viewBox=\"0 0 512 512\" xmlns=\"http:\/\/www.w3.org\/2000\/svg\"><path d=\"M504 256C504 119 393 8 256 8S8 119 8 256c0 123.78 90.69 226.38 209.25 245V327.69h-63V256h63v-54.64c0-62.15 37-96.48 93.67-96.48 27.14 0 55.52 4.84 55.52 4.84v61h-31.28c-30.8 0-40.41 19.12-40.41 38.73V256h68.78l-11 71.69h-57.78V501C413.31 482.38 504 379.78 504 256z\"><\/path><\/svg>\t\t\t\t\t<\/a>\n\t\t\t\t<\/span>\n\t\t\t\t\t\t\t<span class=\"elementor-grid-item\" role=\"listitem\">\n\t\t\t\t\t<a class=\"elementor-icon elementor-social-icon elementor-social-icon-instagram elementor-repeater-item-5770bc5\" href=\"https:\/\/www.instagram.com\/lesclesdarcachon\" target=\"_blank\">\n\t\t\t\t\t\t<span class=\"elementor-screen-only\">Instagram<\/span>\n\t\t\t\t\t\t<svg aria-hidden=\"true\" class=\"e-font-icon-svg e-fab-instagram\" viewBox=\"0 0 448 512\" xmlns=\"http:\/\/www.w3.org\/2000\/svg\"><path d=\"M224.1 141c-63.6 0-114.9 51.3-114.9 114.9s51.3 114.9 114.9 114.9S339 319.5 339 255.9 287.7 141 224.1 141zm0 189.6c-41.1 0-74.7-33.5-74.7-74.7s33.5-74.7 74.7-74.7 74.7 33.5 74.7 74.7-33.6 74.7-74.7 74.7zm146.4-194.3c0 14.9-12 26.8-26.8 26.8-14.9 0-26.8-12-26.8-26.8s12-26.8 26.8-26.8 26.8 12 26.8 26.8zm76.1 27.2c-1.7-35.9-9.9-67.7-36.2-93.9-26.2-26.2-58-34.4-93.9-36.2-37-2.1-147.9-2.1-184.9 0-35.8 1.7-67.6 9.9-93.9 36.1s-34.4 58-36.2 93.9c-2.1 37-2.1 147.9 0 184.9 1.7 35.9 9.9 67.7 36.2 93.9s58 34.4 93.9 36.2c37 2.1 147.9 2.1 184.9 0 35.9-1.7 67.7-9.9 93.9-36.2 26.2-26.2 34.4-58 36.2-93.9 2.1-37 2.1-147.8 0-184.8zM398.8 388c-7.8 19.6-22.9 34.7-42.6 42.6-29.5 11.7-99.5 9-132.1 9s-102.7 2.6-132.1-9c-19.6-7.8-34.7-22.9-42.6-42.6-11.7-29.5-9-99.5-9-132.1s-2.6-102.7 9-132.1c7.8-19.6 22.9-34.7 42.6-42.6 29.5-11.7 99.5-9 132.1-9s102.7-2.6 132.1 9c19.6 7.8 34.7 22.9 42.6 42.6 11.7 29.5 9 99.5 9 132.1s2.7 102.7-9 132.1z\"><\/path><\/svg>\t\t\t\t\t<\/a>\n\t\t\t\t<\/span>\n\t\t\t\t\t<\/div>\n\t\t\t\t\t\t<\/div>\n\t\t\t\t<\/div>\n\t\t\t\t\t<\/div>\n\t\t\t\t<\/div>\n\t\t\t\t<\/div>\n\t\t","protected":false},"excerpt":{"rendered":"<p>\u00a0 Contactez-nous par t\u00e9l\u00e9phone \ud83d\udcde 06 99 23 29 38 Suivez-nous sur les r\u00e9seaux sociaux \ud83d\udcf7 Instagram : @lesclesdarcachon \u00a0 \u00a0 \u00a0 \u00a0Facebook : LesClesDarcachon Formulaire de contact Remplissez le formulaire ci-dessous et nous vous r\u00e9pondrons dans les plus brefs d\u00e9lais : Facebook Instagram<\/p>\n","protected":false},"author":1,"featured_media":0,"parent":0,"menu_order":0,"comment_status":"closed","ping_status":"closed","template":"","meta":{"footnotes":""},"class_list":["post-12","page","type-page","status-publish","hentry"],"yoast_head":"<!-- This site is optimized with the Yoast SEO plugin v25.1 - https:\/\/yoast.com\/wordpress\/plugins\/seo\/ -->\n<title>contact - Les cl\u00e9s d&#039;Arcachon<\/title>\n<meta name=\"robots\" content=\"index, follow, max-snippet:-1, max-image-preview:large, max-video-preview:-1\" \/>\n<link rel=\"canonical\" href=\"https:\/\/lesclesdarcachon.fr\/index.php\/contact\/\" \/>\n<meta property=\"og:locale\" content=\"en_US\" \/>\n<meta property=\"og:type\" content=\"article\" \/>\n<meta property=\"og:title\" content=\"contact - Les cl\u00e9s d&#039;Arcachon\" \/>\n<meta property=\"og:description\" content=\"\u00a0 Contactez-nous par t\u00e9l\u00e9phone \ud83d\udcde 06 99 23 29 38 Suivez-nous sur les r\u00e9seaux sociaux \ud83d\udcf7 Instagram : @lesclesdarcachon \u00a0 \u00a0 \u00a0 \u00a0Facebook : LesClesDarcachon Formulaire de contact Remplissez le formulaire ci-dessous et nous vous r\u00e9pondrons dans les plus brefs d\u00e9lais : Facebook Instagram\" \/>\n<meta property=\"og:url\" content=\"https:\/\/lesclesdarcachon.fr\/index.php\/contact\/\" \/>\n<meta property=\"og:site_name\" content=\"Les cl\u00e9s d&#039;Arcachon\" \/>\n<meta property=\"article:modified_time\" content=\"2025-05-23T07:05:37+00:00\" \/>\n<meta name=\"twitter:card\" content=\"summary_large_image\" \/>\n<meta name=\"twitter:label1\" content=\"Est. reading time\" \/>\n\t<meta name=\"twitter:data1\" content=\"1 minute\" \/>\n<script type=\"application\/ld+json\" class=\"yoast-schema-graph\">{\"@context\":\"https:\/\/schema.org\",\"@graph\":[{\"@type\":\"WebPage\",\"@id\":\"https:\/\/lesclesdarcachon.fr\/index.php\/contact\/\",\"url\":\"https:\/\/lesclesdarcachon.fr\/index.php\/contact\/\",\"name\":\"contact - Les cl\u00e9s d&#039;Arcachon\",\"isPartOf\":{\"@id\":\"https:\/\/lesclesdarcachon.fr\/#website\"},\"datePublished\":\"2024-09-23T15:24:47+00:00\",\"dateModified\":\"2025-05-23T07:05:37+00:00\",\"breadcrumb\":{\"@id\":\"https:\/\/lesclesdarcachon.fr\/index.php\/contact\/#breadcrumb\"},\"inLanguage\":\"en-US\",\"potentialAction\":[{\"@type\":\"ReadAction\",\"target\":[\"https:\/\/lesclesdarcachon.fr\/index.php\/contact\/\"]}]},{\"@type\":\"BreadcrumbList\",\"@id\":\"https:\/\/lesclesdarcachon.fr\/index.php\/contact\/#breadcrumb\",\"itemListElement\":[{\"@type\":\"ListItem\",\"position\":1,\"name\":\"Accueil\",\"item\":\"https:\/\/lesclesdarcachon.fr\/\"},{\"@type\":\"ListItem\",\"position\":2,\"name\":\"contact\"}]},{\"@type\":\"WebSite\",\"@id\":\"https:\/\/lesclesdarcachon.fr\/#website\",\"url\":\"https:\/\/lesclesdarcachon.fr\/\",\"name\":\"Les Cl\u00e9s d'Arcachon\",\"description\":\"Conciergerie multi service - Gestion de biens (r\u00e9servation, accueil voyageurs, entretien des espaces verts, travaux de r\u00e9novation, d\u00e9pannage, livraison \u00e0 domicile)\",\"publisher\":{\"@id\":\"https:\/\/lesclesdarcachon.fr\/#organization\"},\"potentialAction\":[{\"@type\":\"SearchAction\",\"target\":{\"@type\":\"EntryPoint\",\"urlTemplate\":\"https:\/\/lesclesdarcachon.fr\/?s={search_term_string}\"},\"query-input\":{\"@type\":\"PropertyValueSpecification\",\"valueRequired\":true,\"valueName\":\"search_term_string\"}}],\"inLanguage\":\"en-US\"},{\"@type\":\"Organization\",\"@id\":\"https:\/\/lesclesdarcachon.fr\/#organization\",\"name\":\"Les Cl\u00e9s d'Arcachon\",\"url\":\"https:\/\/lesclesdarcachon.fr\/\",\"logo\":{\"@type\":\"ImageObject\",\"inLanguage\":\"en-US\",\"@id\":\"https:\/\/lesclesdarcachon.fr\/#\/schema\/logo\/image\/\",\"url\":\"https:\/\/lesclesdarcachon.fr\/wp-content\/uploads\/2024\/09\/Les-Cles-dArcachon.png\",\"contentUrl\":\"https:\/\/lesclesdarcachon.fr\/wp-content\/uploads\/2024\/09\/Les-Cles-dArcachon.png\",\"width\":1313,\"height\":1313,\"caption\":\"Les Cl\u00e9s d'Arcachon\"},\"image\":{\"@id\":\"https:\/\/lesclesdarcachon.fr\/#\/schema\/logo\/image\/\"},\"sameAs\":[\"https:\/\/www.instagram.com\/lesclesdarcachon\"]}]}<\/script>\n<!-- \/ Yoast SEO plugin. -->","yoast_head_json":{"title":"contact - Les cl\u00e9s d&#039;Arcachon","robots":{"index":"index","follow":"follow","max-snippet":"max-snippet:-1","max-image-preview":"max-image-preview:large","max-video-preview":"max-video-preview:-1"},"canonical":"https:\/\/lesclesdarcachon.fr\/index.php\/contact\/","og_locale":"en_US","og_type":"article","og_title":"contact - Les cl\u00e9s d&#039;Arcachon","og_description":"\u00a0 Contactez-nous par t\u00e9l\u00e9phone \ud83d\udcde 06 99 23 29 38 Suivez-nous sur les r\u00e9seaux sociaux \ud83d\udcf7 Instagram : @lesclesdarcachon \u00a0 \u00a0 \u00a0 \u00a0Facebook : LesClesDarcachon Formulaire de contact Remplissez le formulaire ci-dessous et nous vous r\u00e9pondrons dans les plus brefs d\u00e9lais : Facebook Instagram","og_url":"https:\/\/lesclesdarcachon.fr\/index.php\/contact\/","og_site_name":"Les cl\u00e9s d&#039;Arcachon","article_modified_time":"2025-05-23T07:05:37+00:00","twitter_card":"summary_large_image","twitter_misc":{"Est. reading time":"1 minute"},"schema":{"@context":"https:\/\/schema.org","@graph":[{"@type":"WebPage","@id":"https:\/\/lesclesdarcachon.fr\/index.php\/contact\/","url":"https:\/\/lesclesdarcachon.fr\/index.php\/contact\/","name":"contact - Les cl\u00e9s d&#039;Arcachon","isPartOf":{"@id":"https:\/\/lesclesdarcachon.fr\/#website"},"datePublished":"2024-09-23T15:24:47+00:00","dateModified":"2025-05-23T07:05:37+00:00","breadcrumb":{"@id":"https:\/\/lesclesdarcachon.fr\/index.php\/contact\/#breadcrumb"},"inLanguage":"en-US","potentialAction":[{"@type":"ReadAction","target":["https:\/\/lesclesdarcachon.fr\/index.php\/contact\/"]}]},{"@type":"BreadcrumbList","@id":"https:\/\/lesclesdarcachon.fr\/index.php\/contact\/#breadcrumb","itemListElement":[{"@type":"ListItem","position":1,"name":"Accueil","item":"https:\/\/lesclesdarcachon.fr\/"},{"@type":"ListItem","position":2,"name":"contact"}]},{"@type":"WebSite","@id":"https:\/\/lesclesdarcachon.fr\/#website","url":"https:\/\/lesclesdarcachon.fr\/","name":"Les Cl\u00e9s d'Arcachon","description":"Conciergerie multi service - Gestion de biens (r\u00e9servation, accueil voyageurs, entretien des espaces verts, travaux de r\u00e9novation, d\u00e9pannage, livraison \u00e0 domicile)","publisher":{"@id":"https:\/\/lesclesdarcachon.fr\/#organization"},"potentialAction":[{"@type":"SearchAction","target":{"@type":"EntryPoint","urlTemplate":"https:\/\/lesclesdarcachon.fr\/?s={search_term_string}"},"query-input":{"@type":"PropertyValueSpecification","valueRequired":true,"valueName":"search_term_string"}}],"inLanguage":"en-US"},{"@type":"Organization","@id":"https:\/\/lesclesdarcachon.fr\/#organization","name":"Les Cl\u00e9s d'Arcachon","url":"https:\/\/lesclesdarcachon.fr\/","logo":{"@type":"ImageObject","inLanguage":"en-US","@id":"https:\/\/lesclesdarcachon.fr\/#\/schema\/logo\/image\/","url":"https:\/\/lesclesdarcachon.fr\/wp-content\/uploads\/2024\/09\/Les-Cles-dArcachon.png","contentUrl":"https:\/\/lesclesdarcachon.fr\/wp-content\/uploads\/2024\/09\/Les-Cles-dArcachon.png","width":1313,"height":1313,"caption":"Les Cl\u00e9s d'Arcachon"},"image":{"@id":"https:\/\/lesclesdarcachon.fr\/#\/schema\/logo\/image\/"},"sameAs":["https:\/\/www.instagram.com\/lesclesdarcachon"]}]}},"_links":{"self":[{"href":"https:\/\/lesclesdarcachon.fr\/index.php\/wp-json\/wp\/v2\/pages\/12","targetHints":{"allow":["GET"]}}],"collection":[{"href":"https:\/\/lesclesdarcachon.fr\/index.php\/wp-json\/wp\/v2\/pages"}],"about":[{"href":"https:\/\/lesclesdarcachon.fr\/index.php\/wp-json\/wp\/v2\/types\/page"}],"author":[{"embeddable":true,"href":"https:\/\/lesclesdarcachon.fr\/index.php\/wp-json\/wp\/v2\/users\/1"}],"replies":[{"embeddable":true,"href":"https:\/\/lesclesdarcachon.fr\/index.php\/wp-json\/wp\/v2\/comments?post=12"}],"version-history":[{"count":22,"href":"https:\/\/lesclesdarcachon.fr\/index.php\/wp-json\/wp\/v2\/pages\/12\/revisions"}],"predecessor-version":[{"id":609,"href":"https:\/\/lesclesdarcachon.fr\/index.php\/wp-json\/wp\/v2\/pages\/12\/revisions\/609"}],"wp:attachment":[{"href":"https:\/\/lesclesdarcachon.fr\/index.php\/wp-json\/wp\/v2\/media?parent=12"}],"curies":[{"name":"wp","href":"https:\/\/api.w.org\/{rel}","templated":true}]}}